{"id":451,"date":"2020-12-15T14:34:30","date_gmt":"2020-12-15T14:34:30","guid":{"rendered":"https:\/\/davidviladieguez.com\/bio\/"},"modified":"2024-10-15T10:23:07","modified_gmt":"2024-10-15T10:23:07","slug":"bio","status":"publish","type":"page","link":"https:\/\/davidviladieguez.com\/pt-pt\/bio\/","title":{"rendered":"Bio"},"content":{"rendered":"","protected":false},"excerpt":{"rendered":"","protected":false},"author":1,"featured_media":0,"parent":0,"menu_order":0,"comment_status":"open","ping_status":"closed","template":"","meta":{"footnotes":""},"class_list":["post-451","page","type-page","status-publish","hentry"],"yoast_head":"<!-- This site is optimized with the Yoast SEO plugin v27.4 - https:\/\/yoast.com\/product\/yoast-seo-wordpress\/ -->\n<title>Bio - David Vila Di\u00e9guez<\/title>\n<meta name=\"description\" content=\"Sou um m\u00fasico, cineasta, cr\u00edtico cultural e professor de Estudos Hisp\u00e2nicos que vive entre Calif\u00f3rnia, Espanha, Porto Rico e Nashville. You can learn about his biography and professional career.\" \/>\n<meta name=\"robots\" content=\"index, follow, max-snippet:-1, max-image-preview:large, max-video-preview:-1\" \/>\n<link rel=\"canonical\" href=\"https:\/\/davidviladieguez.com\/pt-pt\/bio\/\" \/>\n<meta property=\"og:locale\" content=\"pt_PT\" \/>\n<meta property=\"og:type\" content=\"article\" \/>\n<meta property=\"og:title\" content=\"Bio - David Vila Di\u00e9guez\" \/>\n<meta property=\"og:description\" content=\"Sou um m\u00fasico, cineasta, cr\u00edtico cultural e professor de Estudos Hisp\u00e2nicos que vive entre Calif\u00f3rnia, Espanha, Porto Rico e Nashville. You can learn about his biography and professional career.\" \/>\n<meta property=\"og:url\" content=\"https:\/\/davidviladieguez.com\/pt-pt\/bio\/\" \/>\n<meta property=\"og:site_name\" content=\"David Vila Di\u00e9guez\" \/>\n<meta property=\"article:modified_time\" content=\"2024-10-15T10:23:07+00:00\" \/>\n<meta property=\"og:image\" content=\"https:\/\/davidviladieguez.com\/wp-content\/uploads\/2024\/07\/img-david-vila-dieguez.jpg\" \/>\n\t<meta property=\"og:image:width\" content=\"1200\" \/>\n\t<meta property=\"og:image:height\" content=\"675\" \/>\n\t<meta property=\"og:image:type\" content=\"image\/jpeg\" \/>\n<meta name=\"twitter:card\" content=\"summary_large_image\" \/>\n<script type=\"application\/ld+json\" class=\"yoast-schema-graph\">{\"@context\":\"https:\\\/\\\/schema.org\",\"@graph\":[{\"@type\":\"WebPage\",\"@id\":\"https:\\\/\\\/davidviladieguez.com\\\/pt-pt\\\/bio\\\/\",\"url\":\"https:\\\/\\\/davidviladieguez.com\\\/pt-pt\\\/bio\\\/\",\"name\":\"Bio - David Vila Di\u00e9guez\",\"isPartOf\":{\"@id\":\"https:\\\/\\\/davidviladieguez.com\\\/pt-pt\\\/#website\"},\"datePublished\":\"2020-12-15T14:34:30+00:00\",\"dateModified\":\"2024-10-15T10:23:07+00:00\",\"description\":\"Sou um m\u00fasico, cineasta, cr\u00edtico cultural e professor de Estudos Hisp\u00e2nicos que vive entre Calif\u00f3rnia, Espanha, Porto Rico e Nashville. You can learn about his biography and professional career.\",\"breadcrumb\":{\"@id\":\"https:\\\/\\\/davidviladieguez.com\\\/pt-pt\\\/bio\\\/#breadcrumb\"},\"inLanguage\":\"pt-PT\",\"potentialAction\":[{\"@type\":\"ReadAction\",\"target\":[\"https:\\\/\\\/davidviladieguez.com\\\/pt-pt\\\/bio\\\/\"]}]},{\"@type\":\"BreadcrumbList\",\"@id\":\"https:\\\/\\\/davidviladieguez.com\\\/pt-pt\\\/bio\\\/#breadcrumb\",\"itemListElement\":[{\"@type\":\"ListItem\",\"position\":1,\"name\":\"Home\",\"item\":\"https:\\\/\\\/davidviladieguez.com\\\/pt-pt\\\/casa\\\/\"},{\"@type\":\"ListItem\",\"position\":2,\"name\":\"Bio\"}]},{\"@type\":\"WebSite\",\"@id\":\"https:\\\/\\\/davidviladieguez.com\\\/pt-pt\\\/#website\",\"url\":\"https:\\\/\\\/davidviladieguez.com\\\/pt-pt\\\/\",\"name\":\"David Vila Di\u00e9guez\",\"description\":\"Professor of Spanish Literature and Music Studies\",\"alternateName\":\"DAvid Vila\",\"potentialAction\":[{\"@type\":\"SearchAction\",\"target\":{\"@type\":\"EntryPoint\",\"urlTemplate\":\"https:\\\/\\\/davidviladieguez.com\\\/pt-pt\\\/?s={search_term_string}\"},\"query-input\":{\"@type\":\"PropertyValueSpecification\",\"valueRequired\":true,\"valueName\":\"search_term_string\"}}],\"inLanguage\":\"pt-PT\"}]}<\/script>\n<!-- \/ Yoast SEO plugin. -->","yoast_head_json":{"title":"Bio - David Vila Di\u00e9guez","description":"Sou um m\u00fasico, cineasta, cr\u00edtico cultural e professor de Estudos Hisp\u00e2nicos que vive entre Calif\u00f3rnia, Espanha, Porto Rico e Nashville. You can learn about his biography and professional career.","robots":{"index":"index","follow":"follow","max-snippet":"max-snippet:-1","max-image-preview":"max-image-preview:large","max-video-preview":"max-video-preview:-1"},"canonical":"https:\/\/davidviladieguez.com\/pt-pt\/bio\/","og_locale":"pt_PT","og_type":"article","og_title":"Bio - David Vila Di\u00e9guez","og_description":"Sou um m\u00fasico, cineasta, cr\u00edtico cultural e professor de Estudos Hisp\u00e2nicos que vive entre Calif\u00f3rnia, Espanha, Porto Rico e Nashville. You can learn about his biography and professional career.","og_url":"https:\/\/davidviladieguez.com\/pt-pt\/bio\/","og_site_name":"David Vila Di\u00e9guez","article_modified_time":"2024-10-15T10:23:07+00:00","og_image":[{"width":1200,"height":675,"url":"https:\/\/davidviladieguez.com\/wp-content\/uploads\/2024\/07\/img-david-vila-dieguez.jpg","type":"image\/jpeg"}],"twitter_card":"summary_large_image","schema":{"@context":"https:\/\/schema.org","@graph":[{"@type":"WebPage","@id":"https:\/\/davidviladieguez.com\/pt-pt\/bio\/","url":"https:\/\/davidviladieguez.com\/pt-pt\/bio\/","name":"Bio - David Vila Di\u00e9guez","isPartOf":{"@id":"https:\/\/davidviladieguez.com\/pt-pt\/#website"},"datePublished":"2020-12-15T14:34:30+00:00","dateModified":"2024-10-15T10:23:07+00:00","description":"Sou um m\u00fasico, cineasta, cr\u00edtico cultural e professor de Estudos Hisp\u00e2nicos que vive entre Calif\u00f3rnia, Espanha, Porto Rico e Nashville. You can learn about his biography and professional career.","breadcrumb":{"@id":"https:\/\/davidviladieguez.com\/pt-pt\/bio\/#breadcrumb"},"inLanguage":"pt-PT","potentialAction":[{"@type":"ReadAction","target":["https:\/\/davidviladieguez.com\/pt-pt\/bio\/"]}]},{"@type":"BreadcrumbList","@id":"https:\/\/davidviladieguez.com\/pt-pt\/bio\/#breadcrumb","itemListElement":[{"@type":"ListItem","position":1,"name":"Home","item":"https:\/\/davidviladieguez.com\/pt-pt\/casa\/"},{"@type":"ListItem","position":2,"name":"Bio"}]},{"@type":"WebSite","@id":"https:\/\/davidviladieguez.com\/pt-pt\/#website","url":"https:\/\/davidviladieguez.com\/pt-pt\/","name":"David Vila Di\u00e9guez","description":"Professor of Spanish Literature and Music Studies","alternateName":"DAvid Vila","potentialAction":[{"@type":"SearchAction","target":{"@type":"EntryPoint","urlTemplate":"https:\/\/davidviladieguez.com\/pt-pt\/?s={search_term_string}"},"query-input":{"@type":"PropertyValueSpecification","valueRequired":true,"valueName":"search_term_string"}}],"inLanguage":"pt-PT"}]}},"_links":{"self":[{"href":"https:\/\/davidviladieguez.com\/pt-pt\/wp-json\/wp\/v2\/pages\/451","targetHints":{"allow":["GET"]}}],"collection":[{"href":"https:\/\/davidviladieguez.com\/pt-pt\/wp-json\/wp\/v2\/pages"}],"about":[{"href":"https:\/\/davidviladieguez.com\/pt-pt\/wp-json\/wp\/v2\/types\/page"}],"author":[{"embeddable":true,"href":"https:\/\/davidviladieguez.com\/pt-pt\/wp-json\/wp\/v2\/users\/1"}],"replies":[{"embeddable":true,"href":"https:\/\/davidviladieguez.com\/pt-pt\/wp-json\/wp\/v2\/comments?post=451"}],"version-history":[{"count":1,"href":"https:\/\/davidviladieguez.com\/pt-pt\/wp-json\/wp\/v2\/pages\/451\/revisions"}],"predecessor-version":[{"id":515,"href":"https:\/\/davidviladieguez.com\/pt-pt\/wp-json\/wp\/v2\/pages\/451\/revisions\/515"}],"wp:attachment":[{"href":"https:\/\/davidviladieguez.com\/pt-pt\/wp-json\/wp\/v2\/media?parent=451"}],"curies":[{"name":"wp","href":"https:\/\/api.w.org\/{rel}","templated":true}]}}