{"id":456,"date":"2024-04-22T08:15:09","date_gmt":"2024-04-22T08:15:09","guid":{"rendered":"https:\/\/davidviladieguez.com\/politica-de-cookies\/"},"modified":"2024-04-22T08:15:09","modified_gmt":"2024-04-22T08:15:09","slug":"politica-de-cookies","status":"publish","type":"page","link":"https:\/\/davidviladieguez.com\/pt-pt\/politica-de-cookies\/","title":{"rendered":"Pol\u00edtica de cookies"},"content":{"rendered":"","protected":false},"excerpt":{"rendered":"","protected":false},"author":1,"featured_media":0,"parent":0,"menu_order":0,"comment_status":"open","ping_status":"closed","template":"","meta":{"footnotes":""},"class_list":["post-456","page","type-page","status-publish","hentry"],"yoast_head":"<!-- This site is optimized with the Yoast SEO plugin v27.4 - https:\/\/yoast.com\/product\/yoast-seo-wordpress\/ -->\n<title>Pol\u00edtica de cookies - David Vila Di\u00e9guez<\/title>\n<meta name=\"robots\" content=\"noindex, nofollow\" \/>\n<meta property=\"og:locale\" content=\"pt_PT\" \/>\n<meta property=\"og:type\" content=\"article\" \/>\n<meta property=\"og:title\" content=\"Pol\u00edtica de cookies - David Vila Di\u00e9guez\" \/>\n<meta property=\"og:url\" content=\"https:\/\/davidviladieguez.com\/pt-pt\/politica-de-cookies\/\" \/>\n<meta property=\"og:site_name\" content=\"David Vila Di\u00e9guez\" \/>\n<meta property=\"og:image\" content=\"https:\/\/davidviladieguez.com\/wp-content\/uploads\/2024\/07\/img-david-vila-dieguez.jpg\" \/>\n\t<meta property=\"og:image:width\" content=\"1200\" \/>\n\t<meta property=\"og:image:height\" content=\"675\" \/>\n\t<meta property=\"og:image:type\" content=\"image\/jpeg\" \/>\n<meta name=\"twitter:card\" content=\"summary_large_image\" \/>\n<script type=\"application\/ld+json\" class=\"yoast-schema-graph\">{\"@context\":\"https:\\\/\\\/schema.org\",\"@graph\":[{\"@type\":\"WebPage\",\"@id\":\"https:\\\/\\\/davidviladieguez.com\\\/pt-pt\\\/politica-de-cookies\\\/\",\"url\":\"https:\\\/\\\/davidviladieguez.com\\\/pt-pt\\\/politica-de-cookies\\\/\",\"name\":\"Pol\u00edtica de cookies - David Vila Di\u00e9guez\",\"isPartOf\":{\"@id\":\"https:\\\/\\\/davidviladieguez.com\\\/pt-pt\\\/#website\"},\"datePublished\":\"2024-04-22T08:15:09+00:00\",\"breadcrumb\":{\"@id\":\"https:\\\/\\\/davidviladieguez.com\\\/pt-pt\\\/politica-de-cookies\\\/#breadcrumb\"},\"inLanguage\":\"pt-PT\",\"potentialAction\":[{\"@type\":\"ReadAction\",\"target\":[\"https:\\\/\\\/davidviladieguez.com\\\/pt-pt\\\/politica-de-cookies\\\/\"]}]},{\"@type\":\"BreadcrumbList\",\"@id\":\"https:\\\/\\\/davidviladieguez.com\\\/pt-pt\\\/politica-de-cookies\\\/#breadcrumb\",\"itemListElement\":[{\"@type\":\"ListItem\",\"position\":1,\"name\":\"Home\",\"item\":\"https:\\\/\\\/davidviladieguez.com\\\/pt-pt\\\/casa\\\/\"},{\"@type\":\"ListItem\",\"position\":2,\"name\":\"Pol\u00edtica de cookies\"}]},{\"@type\":\"WebSite\",\"@id\":\"https:\\\/\\\/davidviladieguez.com\\\/pt-pt\\\/#website\",\"url\":\"https:\\\/\\\/davidviladieguez.com\\\/pt-pt\\\/\",\"name\":\"David Vila Di\u00e9guez\",\"description\":\"Professor of Spanish Literature and Music Studies\",\"alternateName\":\"DAvid Vila\",\"potentialAction\":[{\"@type\":\"SearchAction\",\"target\":{\"@type\":\"EntryPoint\",\"urlTemplate\":\"https:\\\/\\\/davidviladieguez.com\\\/pt-pt\\\/?s={search_term_string}\"},\"query-input\":{\"@type\":\"PropertyValueSpecification\",\"valueRequired\":true,\"valueName\":\"search_term_string\"}}],\"inLanguage\":\"pt-PT\"}]}<\/script>\n<!-- \/ Yoast SEO plugin. -->","yoast_head_json":{"title":"Pol\u00edtica de cookies - David Vila Di\u00e9guez","robots":{"index":"noindex","follow":"nofollow"},"og_locale":"pt_PT","og_type":"article","og_title":"Pol\u00edtica de cookies - David Vila Di\u00e9guez","og_url":"https:\/\/davidviladieguez.com\/pt-pt\/politica-de-cookies\/","og_site_name":"David Vila Di\u00e9guez","og_image":[{"width":1200,"height":675,"url":"https:\/\/davidviladieguez.com\/wp-content\/uploads\/2024\/07\/img-david-vila-dieguez.jpg","type":"image\/jpeg"}],"twitter_card":"summary_large_image","schema":{"@context":"https:\/\/schema.org","@graph":[{"@type":"WebPage","@id":"https:\/\/davidviladieguez.com\/pt-pt\/politica-de-cookies\/","url":"https:\/\/davidviladieguez.com\/pt-pt\/politica-de-cookies\/","name":"Pol\u00edtica de cookies - David Vila Di\u00e9guez","isPartOf":{"@id":"https:\/\/davidviladieguez.com\/pt-pt\/#website"},"datePublished":"2024-04-22T08:15:09+00:00","breadcrumb":{"@id":"https:\/\/davidviladieguez.com\/pt-pt\/politica-de-cookies\/#breadcrumb"},"inLanguage":"pt-PT","potentialAction":[{"@type":"ReadAction","target":["https:\/\/davidviladieguez.com\/pt-pt\/politica-de-cookies\/"]}]},{"@type":"BreadcrumbList","@id":"https:\/\/davidviladieguez.com\/pt-pt\/politica-de-cookies\/#breadcrumb","itemListElement":[{"@type":"ListItem","position":1,"name":"Home","item":"https:\/\/davidviladieguez.com\/pt-pt\/casa\/"},{"@type":"ListItem","position":2,"name":"Pol\u00edtica de cookies"}]},{"@type":"WebSite","@id":"https:\/\/davidviladieguez.com\/pt-pt\/#website","url":"https:\/\/davidviladieguez.com\/pt-pt\/","name":"David Vila Di\u00e9guez","description":"Professor of Spanish Literature and Music Studies","alternateName":"DAvid Vila","potentialAction":[{"@type":"SearchAction","target":{"@type":"EntryPoint","urlTemplate":"https:\/\/davidviladieguez.com\/pt-pt\/?s={search_term_string}"},"query-input":{"@type":"PropertyValueSpecification","valueRequired":true,"valueName":"search_term_string"}}],"inLanguage":"pt-PT"}]}},"_links":{"self":[{"href":"https:\/\/davidviladieguez.com\/pt-pt\/wp-json\/wp\/v2\/pages\/456","targetHints":{"allow":["GET"]}}],"collection":[{"href":"https:\/\/davidviladieguez.com\/pt-pt\/wp-json\/wp\/v2\/pages"}],"about":[{"href":"https:\/\/davidviladieguez.com\/pt-pt\/wp-json\/wp\/v2\/types\/page"}],"author":[{"embeddable":true,"href":"https:\/\/davidviladieguez.com\/pt-pt\/wp-json\/wp\/v2\/users\/1"}],"replies":[{"embeddable":true,"href":"https:\/\/davidviladieguez.com\/pt-pt\/wp-json\/wp\/v2\/comments?post=456"}],"version-history":[{"count":0,"href":"https:\/\/davidviladieguez.com\/pt-pt\/wp-json\/wp\/v2\/pages\/456\/revisions"}],"wp:attachment":[{"href":"https:\/\/davidviladieguez.com\/pt-pt\/wp-json\/wp\/v2\/media?parent=456"}],"curies":[{"name":"wp","href":"https:\/\/api.w.org\/{rel}","templated":true}]}}